{"id":77,"date":"2019-10-13T09:07:22","date_gmt":"2019-10-13T09:07:22","guid":{"rendered":"http:\/\/tulpariklimlendirme.com\/index.php\/contact\/"},"modified":"2023-03-28T23:32:45","modified_gmt":"2023-03-28T23:32:45","slug":"iletisim","status":"publish","type":"page","link":"https:\/\/tulpariklimlendirme.com\/en\/iletisim\/","title":{"rendered":"Communication"},"content":{"rendered":"<div data-elementor-type=\"wp-page\" data-elementor-id=\"77\" class=\"elementor elementor-77\">\n\t\t\t\t\t\t<section class=\"elementor-section elementor-top-section elementor-element elementor-element-3bc2661 elementor-section-height-min-height elementor-section-boxed elementor-section-height-default elementor-section-items-middle\" data-id=\"3bc2661\" data-element_type=\"section\">\n\t\t\t\t\t\t<div class=\"elementor-container elementor-column-gap-no\">\n\t\t\t\t\t<div class=\"aux-parallax-section elementor-column elementor-col-50 elementor-top-column elementor-element elementor-element-6f66ef4\" data-id=\"6f66ef4\" data-element_type=\"column\">\n\t\t\t<div class=\"elementor-widget-wrap elementor-element-populated\">\n\t\t\t\t\t\t<div class=\"elementor-element elementor-element-519a4be aux-appear-watch-animation aux-fade-in-up-1 elementor-widget elementor-widget-aux_modern_heading\" data-id=\"519a4be\" data-element_type=\"widget\" data-widget_type=\"aux_modern_heading.default\">\n\t\t\t\t<div class=\"elementor-widget-container\">\n\t\t\t\t\t<section class=\"aux-widget-modern-heading\">\n            <div class=\"aux-widget-inner\"><h2 class=\"aux-modern-heading-primary\">Communication  <\/h2><h3 class=\"aux-modern-heading-secondary\"><span class=\"aux-head-before\">Mesaj G\u00f6nderin <\/span><\/h3><div class=\"aux-modern-heading-description\"><p><span style=\"vertical-align: inherit\"><span style=\"vertical-align: inherit\"><span style=\"vertical-align: inherit\"><span style=\"vertical-align: inherit\">Bizimle irtibata ge\u00e7mek i\u00e7in mail veya di\u011fer ileti\u015fim kanallar\u0131ndan t\u00fcm sorular\u0131n\u0131z i\u00e7in haz\u0131r bekliyoruz.<\/span><\/span><\/span><\/span><\/p><\/div><\/div>\n        <\/section>\t\t\t\t<\/div>\n\t\t\t\t<\/div>\n\t\t\t\t<div class=\"elementor-element elementor-element-76d1d2f aux-appear-watch-animation aux-fade-in-right-1 elementor-widget elementor-widget-aux_contact_form\" data-id=\"76d1d2f\" data-element_type=\"widget\" data-widget_type=\"aux_contact_form.default\">\n\t\t\t\t<div class=\"elementor-widget-container\">\n\t\t\t\t\t<section class=\"widget-container aux-widget-contact-form aux-parent-au59fae1ee\">            <div class=\"aux-col-wrapper aux-no-gutter\">\n            <!-- @TODO - The output for element here -->\n\n            \n<div class=\"wpcf7 no-js\" id=\"wpcf7-f76-o1\" lang=\"en-US\" dir=\"ltr\" data-wpcf7-id=\"76\">\n<div class=\"screen-reader-response\"><p role=\"status\" aria-live=\"polite\" aria-atomic=\"true\"><\/p> <ul><\/ul><\/div>\n<form action=\"\/en\/wp-json\/wp\/v2\/pages\/77#wpcf7-f76-o1\" method=\"post\" class=\"wpcf7-form init\" aria-label=\"Contact form\" novalidate=\"novalidate\" data-status=\"init\" data-trp-original-action=\"\/en\/wp-json\/wp\/v2\/pages\/77#wpcf7-f76-o1\">\n<fieldset class=\"hidden-fields-container\"><input type=\"hidden\" name=\"_wpcf7\" value=\"76\" \/><input type=\"hidden\" name=\"_wpcf7_version\" value=\"6.1.4\" \/><input type=\"hidden\" name=\"_wpcf7_locale\" value=\"en_US\" \/><input type=\"hidden\" name=\"_wpcf7_unit_tag\" value=\"wpcf7-f76-o1\" \/><input type=\"hidden\" name=\"_wpcf7_container_post\" value=\"0\" \/><input type=\"hidden\" name=\"_wpcf7_posted_data_hash\" value=\"\" \/>\n<\/fieldset>\n<p><span class=\"wpcf7-form-control-wrap\" data-name=\"aux-cleaning-email\"><input size=\"40\" maxlength=\"400\" class=\"wpcf7-form-control wpcf7-email wpcf7-validates-as-required wpcf7-text wpcf7-validates-as-email aux-cleaning-mail-field\" aria-required=\"true\" aria-invalid=\"false\" placeholder=\"Your E-mail\" value=\"\" type=\"email\" name=\"aux-cleaning-email\" \/><\/span><span class=\"wpcf7-form-control-wrap\" data-name=\"aux-cleaning-phone\"><input size=\"40\" maxlength=\"400\" class=\"wpcf7-form-control wpcf7-tel wpcf7-text wpcf7-validates-as-tel aux-cleaning-phone-field\" aria-invalid=\"false\" placeholder=\"Phone number\" value=\"\" type=\"tel\" name=\"aux-cleaning-phone\" \/><\/span><br \/>\n<span class=\"wpcf7-form-control-wrap\" data-name=\"aux-cleaning-text-area\"><textarea cols=\"40\" rows=\"10\" maxlength=\"2000\" class=\"wpcf7-form-control wpcf7-textarea aux-cleaning-text-message\" aria-invalid=\"false\" placeholder=\"Your Message Here\" name=\"aux-cleaning-text-area\"><\/textarea><\/span><br \/>\n<span class=\"aux-cleaning-form-text\">Your email address will not be published. Required fields are marked *<\/span><input class=\"wpcf7-form-control wpcf7-submit has-spinner aux-cleaning-submit-button\" type=\"submit\" value=\"Submit\" \/>\n<\/p><div class=\"wpcf7-response-output\" aria-hidden=\"true\"><\/div>\n<input type=\"hidden\" name=\"trp-form-language\" value=\"en\"\/><\/form>\n<\/div>\n\n\n            <\/div><!-- aux-col-wrapper -->\n    <\/section><!-- widget-container -->\t\t\t\t<\/div>\n\t\t\t\t<\/div>\n\t\t\t\t\t<\/div>\n\t\t<\/div>\n\t\t\t\t<div class=\"aux-parallax-section elementor-column elementor-col-50 elementor-top-column elementor-element elementor-element-599c58b aux-appear-watch-animation aux-fade-in-left-1\" data-id=\"599c58b\" data-element_type=\"column\" data-settings=\"{&quot;background_background&quot;:&quot;gradient&quot;}\">\n\t\t\t<div class=\"elementor-widget-wrap elementor-element-populated\">\n\t\t\t\t\t\t<div class=\"elementor-element elementor-element-67c0b40 aux-appear-watch-animation aux-fade-in-up-1 elementor-widget elementor-widget-aux_modern_heading\" data-id=\"67c0b40\" data-element_type=\"widget\" data-widget_type=\"aux_modern_heading.default\">\n\t\t\t\t<div class=\"elementor-widget-container\">\n\t\t\t\t\t<section class=\"aux-widget-modern-heading\">\n            <div class=\"aux-widget-inner\"><h2 class=\"aux-modern-heading-primary\">Adres<\/h2><\/div>\n        <\/section>\t\t\t\t<\/div>\n\t\t\t\t<\/div>\n\t\t\t\t<div class=\"elementor-element elementor-element-68ff004 elementor-widget elementor-widget-aux_divider\" data-id=\"68ff004\" data-element_type=\"widget\" data-widget_type=\"aux_divider.default\">\n\t\t\t\t<div class=\"elementor-widget-container\">\n\t\t\t\t\t<hr class=\"aux-divider-center aux-divider-align-center\" >\t\t\t\t<\/div>\n\t\t\t\t<\/div>\n\t\t\t\t<section class=\"elementor-section elementor-inner-section elementor-element elementor-element-1100b89 aux-appear-watch-animation aux-fade-in-down-1 elementor-section-boxed elementor-section-height-default elementor-section-height-default\" data-id=\"1100b89\" data-element_type=\"section\">\n\t\t\t\t\t\t<div class=\"elementor-container elementor-column-gap-default\">\n\t\t\t\t\t<div class=\"aux-parallax-section elementor-column elementor-col-50 elementor-inner-column elementor-element elementor-element-745bbdb\" data-id=\"745bbdb\" data-element_type=\"column\">\n\t\t\t<div class=\"elementor-widget-wrap elementor-element-populated\">\n\t\t\t\t\t\t<div class=\"elementor-element elementor-element-d472f64 elementor-widget__width-auto elementor-widget elementor-widget-aux_image\" data-id=\"d472f64\" data-element_type=\"widget\" data-widget_type=\"aux_image.default\">\n\t\t\t\t<div class=\"elementor-widget-container\">\n\t\t\t\t\t<section class=\"widget-container aux-widget-image aux-alignnone aux-parent-au39b60891\">\n    <div class=\"aux-media-hint-frame\">\n        <div class=\"aux-media-image\" >\n        \n            \n\n            \n            <img decoding=\"async\" width=\"33\" height=\"49\" src=\"https:\/\/tulpariklimlendirme.com\/wp-content\/uploads\/2021\/06\/placeholder.svg\" class=\"aux-attachment aux-featured-image aux-attachment-id-12\" alt=\"demo-attachment-1661-placeholder\" data-ratio=\"0.67\" data-original-w=\"33\" \/>            \n                <\/div>\n    <\/div>\n\n<\/section><!-- widget-container -->\t\t\t\t<\/div>\n\t\t\t\t<\/div>\n\t\t\t\t\t<\/div>\n\t\t<\/div>\n\t\t\t\t<div class=\"aux-parallax-section elementor-column elementor-col-50 elementor-inner-column elementor-element elementor-element-83980dc\" data-id=\"83980dc\" data-element_type=\"column\">\n\t\t\t<div class=\"elementor-widget-wrap elementor-element-populated\">\n\t\t\t\t\t\t<div class=\"elementor-element elementor-element-93cb28c elementor-widget elementor-widget-aux_modern_heading\" data-id=\"93cb28c\" data-element_type=\"widget\" data-widget_type=\"aux_modern_heading.default\">\n\t\t\t\t<div class=\"elementor-widget-container\">\n\t\t\t\t\t<section class=\"aux-widget-modern-heading\">\n            <div class=\"aux-widget-inner\"><h2 class=\"aux-modern-heading-primary\">Adres :<\/h2><div class=\"aux-modern-heading-description\"><p><span style=\"vertical-align: inherit\"><span style=\"vertical-align: inherit\">Gen\u00e7 Osman Mah. 30022 Sk. No: 6\/A Dulkadiro\u011flu Kahramanmara\u015f<\/span><\/span><\/p><\/div><\/div>\n        <\/section>\t\t\t\t<\/div>\n\t\t\t\t<\/div>\n\t\t\t\t\t<\/div>\n\t\t<\/div>\n\t\t\t\t\t<\/div>\n\t\t<\/section>\n\t\t\t\t<section class=\"elementor-section elementor-inner-section elementor-element elementor-element-efc6dfe aux-appear-watch-animation aux-scale-up-1 elementor-section-boxed elementor-section-height-default elementor-section-height-default\" data-id=\"efc6dfe\" data-element_type=\"section\">\n\t\t\t\t\t\t<div class=\"elementor-container elementor-column-gap-default\">\n\t\t\t\t\t<div class=\"aux-parallax-section elementor-column elementor-col-50 elementor-inner-column elementor-element elementor-element-8b162c2\" data-id=\"8b162c2\" data-element_type=\"column\">\n\t\t\t<div class=\"elementor-widget-wrap elementor-element-populated\">\n\t\t\t\t\t\t<div class=\"elementor-element elementor-element-1df544f elementor-widget__width-auto elementor-widget elementor-widget-aux_image\" data-id=\"1df544f\" data-element_type=\"widget\" data-widget_type=\"aux_image.default\">\n\t\t\t\t<div class=\"elementor-widget-container\">\n\t\t\t\t\t<section class=\"widget-container aux-widget-image aux-alignnone aux-parent-audca9e46e\">\n    <div class=\"aux-media-hint-frame\">\n        <div class=\"aux-media-image\" >\n        \n            \n\n            \n            <img decoding=\"async\" width=\"49\" height=\"29\" src=\"https:\/\/tulpariklimlendirme.com\/wp-content\/uploads\/2021\/06\/send.svg\" class=\"aux-attachment aux-featured-image aux-attachment-id-10\" alt=\"demo-attachment-1663-send\" data-ratio=\"1.69\" data-original-w=\"49\" \/>            \n                <\/div>\n    <\/div>\n\n<\/section><!-- widget-container -->\t\t\t\t<\/div>\n\t\t\t\t<\/div>\n\t\t\t\t\t<\/div>\n\t\t<\/div>\n\t\t\t\t<div class=\"aux-parallax-section elementor-column elementor-col-50 elementor-inner-column elementor-element elementor-element-2d6a217\" data-id=\"2d6a217\" data-element_type=\"column\">\n\t\t\t<div class=\"elementor-widget-wrap elementor-element-populated\">\n\t\t\t\t\t\t<div class=\"elementor-element elementor-element-25dbce2 elementor-widget elementor-widget-aux_modern_heading\" data-id=\"25dbce2\" data-element_type=\"widget\" data-widget_type=\"aux_modern_heading.default\">\n\t\t\t\t<div class=\"elementor-widget-container\">\n\t\t\t\t\t<section class=\"aux-widget-modern-heading\">\n            <div class=\"aux-widget-inner\"><h2 class=\"aux-modern-heading-primary\">Mail :<\/h2><div class=\"aux-modern-heading-description\"><p><span style=\"vertical-align: inherit\"><span style=\"vertical-align: inherit\">info@tulpariklimlendirme.com <\/span><\/span><br \/><span style=\"vertical-align: inherit\"><span style=\"vertical-align: inherit\">pazarlama@tulpariklimlendirme.com<\/span><\/span><\/p><\/div><\/div>\n        <\/section>\t\t\t\t<\/div>\n\t\t\t\t<\/div>\n\t\t\t\t\t<\/div>\n\t\t<\/div>\n\t\t\t\t\t<\/div>\n\t\t<\/section>\n\t\t\t\t<section class=\"elementor-section elementor-inner-section elementor-element elementor-element-ad2b7bf aux-appear-watch-animation aux-fade-in-up-1 elementor-section-boxed elementor-section-height-default elementor-section-height-default\" data-id=\"ad2b7bf\" data-element_type=\"section\">\n\t\t\t\t\t\t<div class=\"elementor-container elementor-column-gap-default\">\n\t\t\t\t\t<div class=\"aux-parallax-section elementor-column elementor-col-50 elementor-inner-column elementor-element elementor-element-c80c102\" data-id=\"c80c102\" data-element_type=\"column\">\n\t\t\t<div class=\"elementor-widget-wrap elementor-element-populated\">\n\t\t\t\t\t\t<div class=\"elementor-element elementor-element-bde21fb elementor-widget__width-auto elementor-widget elementor-widget-aux_image\" data-id=\"bde21fb\" data-element_type=\"widget\" data-widget_type=\"aux_image.default\">\n\t\t\t\t<div class=\"elementor-widget-container\">\n\t\t\t\t\t<section class=\"widget-container aux-widget-image aux-alignnone aux-parent-au0428e29b\">\n    <div class=\"aux-media-hint-frame\">\n        <div class=\"aux-media-image\" >\n        \n            \n\n            \n            <img decoding=\"async\" width=\"27\" height=\"49\" src=\"https:\/\/tulpariklimlendirme.com\/wp-content\/uploads\/2021\/06\/iphone.svg\" class=\"aux-attachment aux-featured-image aux-attachment-id-11\" alt=\"demo-attachment-1662-iphone\" data-ratio=\"0.55\" data-original-w=\"27\" \/>            \n                <\/div>\n    <\/div>\n\n<\/section><!-- widget-container -->\t\t\t\t<\/div>\n\t\t\t\t<\/div>\n\t\t\t\t\t<\/div>\n\t\t<\/div>\n\t\t\t\t<div class=\"aux-parallax-section elementor-column elementor-col-50 elementor-inner-column elementor-element elementor-element-f432850\" data-id=\"f432850\" data-element_type=\"column\">\n\t\t\t<div class=\"elementor-widget-wrap elementor-element-populated\">\n\t\t\t\t\t\t<div class=\"elementor-element elementor-element-8314c19 elementor-widget elementor-widget-aux_modern_heading\" data-id=\"8314c19\" data-element_type=\"widget\" data-widget_type=\"aux_modern_heading.default\">\n\t\t\t\t<div class=\"elementor-widget-container\">\n\t\t\t\t\t<section class=\"aux-widget-modern-heading\">\n            <div class=\"aux-widget-inner\"><h2 class=\"aux-modern-heading-primary\">Telefon  :<\/h2><div class=\"aux-modern-heading-description\"><p><span style=\"vertical-align: inherit\"><span style=\"vertical-align: inherit\">+90 (344) 236 02 06<\/span><\/span><br \/><br \/><\/p><\/div><\/div>\n        <\/section>\t\t\t\t<\/div>\n\t\t\t\t<\/div>\n\t\t\t\t\t<\/div>\n\t\t<\/div>\n\t\t\t\t\t<\/div>\n\t\t<\/section>\n\t\t\t\t\t<\/div>\n\t\t<\/div>\n\t\t\t\t\t<\/div>\n\t\t<\/section>\n\t\t\t\t<section class=\"elementor-section elementor-top-section elementor-element elementor-element-96010b4 elementor-section-boxed elementor-section-height-default elementor-section-height-default\" data-id=\"96010b4\" data-element_type=\"section\">\n\t\t\t\t\t\t<div class=\"elementor-container elementor-column-gap-no\">\n\t\t\t\t\t<div class=\"aux-parallax-section elementor-column elementor-col-100 elementor-top-column elementor-element elementor-element-e80f93b\" data-id=\"e80f93b\" data-element_type=\"column\">\n\t\t\t<div class=\"elementor-widget-wrap elementor-element-populated\">\n\t\t\t\t\t\t<div class=\"elementor-element elementor-element-8d8e8c8 elementor-widget elementor-widget-google_maps\" data-id=\"8d8e8c8\" data-element_type=\"widget\" data-widget_type=\"google_maps.default\">\n\t\t\t\t<div class=\"elementor-widget-container\">\n\t\t\t\t\t\t\t<div class=\"elementor-custom-embed\">\n\t\t\t<iframe loading=\"lazy\"\n\t\t\t\t\tsrc=\"https:\/\/maps.google.com\/maps?q=Tulpar%20%C4%B0klimlendirme%20Gen%C3%A7%20Osman%2C%2030022.%20SOKAK%20No%3A%206%2FA%2C%2046080%20Dulkadiro%C4%9Flu%2FKahramanmara%C5%9F&#038;t=m&#038;z=13&#038;output=embed&#038;iwloc=near\"\n\t\t\t\t\ttitle=\"Tulpar \u0130klimlendirme Gen\u00e7 Osman, 30022. SOKAK No: 6\/A, 46080 Dulkadiro\u011flu\/Kahramanmara\u015f\"\n\t\t\t\t\taria-label=\"Tulpar \u0130klimlendirme Gen\u00e7 Osman, 30022. SOKAK No: 6\/A, 46080 Dulkadiro\u011flu\/Kahramanmara\u015f\"\n\t\t\t><\/iframe>\n\t\t<\/div>\n\t\t\t\t\t\t<\/div>\n\t\t\t\t<\/div>\n\t\t\t\t\t<\/div>\n\t\t<\/div>\n\t\t\t\t\t<\/div>\n\t\t<\/section>\n\t\t\t\t<\/div>","protected":false},"excerpt":{"rendered":"<p>\u0130leti\u015fim Mesaj G\u00f6nderin Bizimle irtibata ge\u00e7mek i\u00e7in mail veya di\u011fer ileti\u015fim kanallar\u0131ndan t\u00fcm sorular\u0131n\u0131z i\u00e7in haz\u0131r bekliyoruz. Your email address will not be published. Required fields are marked * Adres Adres : Gen\u00e7 Osman Mah. 30022 Sk. No: 6\/A Dulkadiro\u011flu Kahramanmara\u015f Mail : info@tulpariklimlendirme.com pazarlama@tulpariklimlendirme.com Telefon : +90 (344) 236 02 06<\/p>","protected":false},"author":1,"featured_media":0,"parent":0,"menu_order":0,"comment_status":"closed","ping_status":"closed","template":"templates\/page-builder-content.php","meta":{"footnotes":""},"class_list":["post-77","page","type-page","status-publish","hentry"],"_links":{"self":[{"href":"https:\/\/tulpariklimlendirme.com\/en\/wp-json\/wp\/v2\/pages\/77","targetHints":{"allow":["GET"]}}],"collection":[{"href":"https:\/\/tulpariklimlendirme.com\/en\/wp-json\/wp\/v2\/pages"}],"about":[{"href":"https:\/\/tulpariklimlendirme.com\/en\/wp-json\/wp\/v2\/types\/page"}],"author":[{"embeddable":true,"href":"https:\/\/tulpariklimlendirme.com\/en\/wp-json\/wp\/v2\/users\/1"}],"replies":[{"embeddable":true,"href":"https:\/\/tulpariklimlendirme.com\/en\/wp-json\/wp\/v2\/comments?post=77"}],"version-history":[{"count":19,"href":"https:\/\/tulpariklimlendirme.com\/en\/wp-json\/wp\/v2\/pages\/77\/revisions"}],"predecessor-version":[{"id":429,"href":"https:\/\/tulpariklimlendirme.com\/en\/wp-json\/wp\/v2\/pages\/77\/revisions\/429"}],"wp:attachment":[{"href":"https:\/\/tulpariklimlendirme.com\/en\/wp-json\/wp\/v2\/media?parent=77"}],"curies":[{"name":"wp","href":"https:\/\/api.w.org\/{rel}","templated":true}]}}